{"id":56,"date":"2021-09-30T22:12:42","date_gmt":"2021-09-30T22:12:42","guid":{"rendered":"https:\/\/webredox.net\/demo\/wp\/bauen\/light\/multi\/demo1\/?page_id=56"},"modified":"2025-10-23T07:55:41","modified_gmt":"2025-10-23T05:55:41","slug":"about-2","status":"publish","type":"page","link":"https:\/\/www.bwpm.de\/bwpm6\/about-2\/","title":{"rendered":"\u00dcber"},"content":{"rendered":"<div class=\"wpb-content-wrapper\">[vc_row row_type=&#8221;main-section&#8221; bauen_section_layout=&#8221;section_grid&#8221; bauen_df_padding_bottom=&#8221;section-padding2&#8243;][vc_column width=&#8221;1\/2&#8243;][wr_vc_section_heading title=&#8221;\u00dcber `{`span`}` BWPM `{`\/span`}`&#8221; animate=&#8221;yes&#8221; title2=&#8221;Bauen&#8221;]Die im Jahr 2013 gegr\u00fcndete BWPM Boardwalk Projektmanagement GmbH (kurz BWPM) richtet sich an Investoren und Projektentwickler mittelgro\u00dfer und gro\u00dfer Projekte, insbesondere f\u00fcr den Zeitraum der Grundst\u00fccksakquise bis hin zur Grundsteinlegung. Unter Gesamtbetrachtung s\u00e4mtlicher projektspezifischer Anforderungen ebnet BWPM Ihnen den Weg \u00fcber die einzelnen Leistungsphasen wie\u00a0\u201eAusschreibung\u201c, \u201eVergabe\u201c und \u201eObjekt\u00fcberwachung\u201c (Lph 6, 7 und 8 der HOAI), und unterst\u00fctzt vor allem in punkto Verbau, Gr\u00fcndung, Auftriebssicherung und Wasserhaltung bis hin zu den sich anschlie\u00dfenden Hochbauma\u00dfnahmen.<\/p>\n<p>Unser Unternehmen wurde im Jahr 2013 als Gesellschaft mit beschr\u00e4nkter Haftung mit Sitz in Berlin gegr\u00fcndet und \u00fcbernimmt deutschlandweit Aufgaben f\u00fcr mittelgro\u00dfe und gro\u00dfe Bauvorhaben. Im Jahr 2025 erfolgte der Umzug nach Hamburg, um den intensivierten Aktivit\u00e4ten im Norden Deutschlands besser gerecht zu werden. BWPM versteht sich zweifellos als Dienstleister im Umgang bautechnischer Fragestellungen mit Schwerpunkt auf den Spezialtiefbau. Die Erarbeitung von L\u00f6sungen erfolgt stets unter Ber\u00fccksichtigung des Gesamtkontext und intensiver Kl\u00e4rung der einzelnen Schnittstellen.<\/p>\n<p>Im Lebenszyklus einer Immobilie betreuen wir Sie bei der Bewertung von Baustandorten und m\u00f6glichen Grundst\u00fccks- und Standortrisiken, sowie Gr\u00fcndungssch\u00e4den an Bestandsbauwerken und begleiten Sie, wenn notwendig, auch bei dem Abriss von Bauten zur Aufnahme neuer Hochbauarbeiten. Aufgrund unserer pers\u00f6nlich langj\u00e4hrigen Erfahrung als Leitungspersonal diverser Bauvorhaben, kann BWPM auch als junges Unternehmen bereits auf eine erw\u00e4hnenswerte Expertise verweisen, welche Sie den ausgew\u00e4hlten Referenzen entnehmen k\u00f6nnen.<\/p>\n<p>F\u00fcr die Umsetzung hoch komplexer Bauvorhaben, unter Einhaltung vorgegebener Budgets sowie zur Verringerung der Gemeinkosten, legen wir h\u00f6chsten Wert auf eine effiziente sowie l\u00f6sungs-, ziel-, termin- und kostenorientierte Arbeitsweise. Ihr st\u00e4ndiger Ansprechparter zu sein, um gemeinsam L\u00f6sungen f\u00fcr komplizierte Sachverhalte zu finden und zu verwirklichen, ist f\u00fcr uns deshalb eine Selbstverst\u00e4ndlichkeit. Durch die zus\u00e4tzliche Koordination gezielt eingesetzter und fachkundiger Partner erg\u00e4nzen wir unsere eigene Kompetenz zum Nutzen unserer Auftraggeber.<\/p>\n<p>Schlagw\u00f6rter, die in unserem Unternehmen zu Leitzielen erkl\u00e4rt werden, sind: &#8220;aktiv&#8221;, &#8220;agil&#8221;, &#8220;ausdauernd&#8221;, &#8220;dynamisch&#8221;, &#8220;gr\u00fcndlich&#8221;, &#8220;intensiv&#8221;, &#8220;innovativ&#8221; und &#8220;kompetent&#8221;.[\/wr_vc_section_heading][vc_column_text]\u00dcberzeugen Sie sich selbst von den realisierten Projekten.[\/vc_column_text][\/vc_column][vc_column width=&#8221;1\/2&#8243;][wr_vc_section_image featyretype=&#8221;st2&#8243; animate=&#8221;yes&#8221; image=&#8221;2489&#8243; title=&#8221;Office&#8221;][\/vc_column][\/vc_row]\n<\/div>","protected":false},"excerpt":{"rendered":"<p>[vc_row row_type=&#8221;main-section&#8221; bauen_section_layout=&#8221;section_grid&#8221; bauen_df_padding_bottom=&#8221;section-padding2&#8243;][vc_column width=&#8221;1\/2&#8243;][wr_vc_section_heading title=&#8221;\u00dcber `{`span`}` BWPM `{`\/span`}`&#8221; animate=&#8221;yes&#8221; title2=&#8221;Bauen&#8221;]Die im Jahr 2013 gegr\u00fcndete BWPM Boardwalk Projektmanagement GmbH (kurz BWPM) richtet sich an Investoren und Projektentwickler mittelgro\u00dfer und gro\u00dfer Projekte, insbesondere f\u00fcr den Zeitraum der Grundst\u00fccksakquise bis hin zur Grundsteinlegung. Unter Gesamtbetrachtung s\u00e4mtlicher projektspezifischer Anforderungen ebnet BWPM Ihnen den Weg \u00fcber die einzelnen Leistungsphasen wie\u00a0\u201eAusschreibung\u201c, \u201eVergabe\u201c und \u201eObjekt\u00fcberwachung\u201c (Lph&#8230;<\/p>\n","protected":false},"author":1,"featured_media":0,"parent":0,"menu_order":0,"comment_status":"closed","ping_status":"closed","template":"","meta":{"footnotes":"","_links_to":"","_links_to_target":""},"class_list":["post-56","page","type-page","status-publish","hentry"],"_links":{"self":[{"href":"https:\/\/www.bwpm.de\/bwpm6\/wp-json\/wp\/v2\/pages\/56","targetHints":{"allow":["GET"]}}],"collection":[{"href":"https:\/\/www.bwpm.de\/bwpm6\/wp-json\/wp\/v2\/pages"}],"about":[{"href":"https:\/\/www.bwpm.de\/bwpm6\/wp-json\/wp\/v2\/types\/page"}],"author":[{"embeddable":true,"href":"https:\/\/www.bwpm.de\/bwpm6\/wp-json\/wp\/v2\/users\/1"}],"replies":[{"embeddable":true,"href":"https:\/\/www.bwpm.de\/bwpm6\/wp-json\/wp\/v2\/comments?post=56"}],"version-history":[{"count":10,"href":"https:\/\/www.bwpm.de\/bwpm6\/wp-json\/wp\/v2\/pages\/56\/revisions"}],"predecessor-version":[{"id":3303,"href":"https:\/\/www.bwpm.de\/bwpm6\/wp-json\/wp\/v2\/pages\/56\/revisions\/3303"}],"wp:attachment":[{"href":"https:\/\/www.bwpm.de\/bwpm6\/wp-json\/wp\/v2\/media?parent=56"}],"curies":[{"name":"wp","href":"https:\/\/api.w.org\/{rel}","templated":true}]}}