{"id":61,"date":"2021-09-30T22:23:46","date_gmt":"2021-09-30T22:23:46","guid":{"rendered":"https:\/\/webredox.net\/demo\/wp\/bauen\/light\/multi\/demo1\/?page_id=61"},"modified":"2026-01-18T11:04:26","modified_gmt":"2026-01-18T10:04:26","slug":"services","status":"publish","type":"page","link":"https:\/\/www.bwpm.de\/bwpm6\/services\/","title":{"rendered":"Leistungen"},"content":{"rendered":"<div class=\"wpb-content-wrapper\">[vc_row row_type=&#8221;main-section&#8221; bauen_section_layout=&#8221;section_grid&#8221; bauen_df_padding_bottom=&#8221;section-padding2&#8243;][vc_column][wr_vc_section_heading title=&#8221;Unsere `{`span`}` Leistungen `{`\/span`}`&#8221; animate=&#8221;yes&#8221; title2=&#8221;Services&#8221;][\/wr_vc_section_heading][vc_row_inner][vc_column_inner width=&#8221;1\/3&#8243;][wr_vc_section_services icon_class=&#8221;far fa-project-diagram&#8221; title=&#8221;Projektmanagement&#8221; title2=&#8221;01&#8243;]Der Spezialtiefbau stellt hohe Anforderungen an das Projektmanagement und setzt besondere Erfahrungen voraus. Daher sollte er ein eigenes, sich vom anschlie\u00dfenden Hochbau unterscheidendes Projektmanagement haben. Die Notwendigkeit besonderer Expertise ergibt sich vor allem auch unter Ber\u00fccksichtigung des in der DIN 69904 verankerten interdisziplin\u00e4ren Ansatzes.[\/wr_vc_section_services][vc_single_image image=&#8221;3094&#8243; img_size=&#8221;large&#8221;][wr_vc_section_services icon_class=&#8221;fas fa-bug&#8221; title=&#8221;Interimsmanagement&#8221; title2=&#8221;04&#8243;]Geraten Bauvorhaben in eine Schieflage, kann oft mit internen Instrumenten nicht mehr steuernd eingegriffen werden. Dann ist Hilfe von au\u00dfen notwendig. BWPM bietet eine solche Unterst\u00fctzung in Form eines Interimsmanagements an. Das kann einfache oder grundlegende Ma\u00dfnahmen umfassen.[\/wr_vc_section_services][vc_single_image image=&#8221;3093&#8243; img_size=&#8221;large&#8221;][\/vc_column_inner][vc_column_inner width=&#8221;1\/3&#8243;][wr_vc_section_services icon_class=&#8221;fas fa-building&#8221; title=&#8221;Planung&#8221; title2=&#8221;02&#8243;]BWPM unterst\u00fctzt seine Kunden bei der Grundlagenermittlung und in allen Phasen der Bauplanung. Diese reichen von der Vorplanung \u00fcber die Entwurfsplanung und die Genehmigungsplanung bis hin zur Ausf\u00fchrungsplanung. Dabei legen wir immer Wert auf einen gesamtheitlichen Kontext, das hei\u00dft auf die Ber\u00fccksichtigung s\u00e4mtlicher relevanter Faktoren f\u00fcr eine erfolgreiche Planungst\u00e4tigkeit und ein tragbares Planungskonzept.[\/wr_vc_section_services][vc_single_image image=&#8221;3095&#8243; img_size=&#8221;large&#8221; alignment=&#8221;center&#8221;][wr_vc_section_services icon_class=&#8221;far fa-warehouse&#8221; title=&#8221;Mediation&#8221; title2=&#8221;05&#8243;]Beim Planen und Bauen treffen h\u00e4ufig unterschiedliche Interessen aufeinander, was schnell zu Konflikten f\u00fchren kann. Gerichtsverfahren sind oft langwierig, kostenintensiv und bringen selten schnelle L\u00f6sungen.<br \/>\nMediation bietet hier eine effiziente Alternative: ein freiwilliges, strukturiertes Verfahren, in dem die Beteiligten mit Unterst\u00fctzung einer neutralen Person gemeinsam tragf\u00e4hige Vereinbarungen entwickeln.<br \/>\nBWPM stellt hierf\u00fcr eine unabh\u00e4ngige, allparteiliche Mediatorin bzw. einen Mediator \u2013 auch im Rahmen einer interdisziplin\u00e4ren Co-Mediation \u2013 zur Verf\u00fcgung, um komplexe Fragestellungen konstruktiv zu l\u00f6sen.[\/wr_vc_section_services][vc_single_image image=&#8221;3095&#8243; img_size=&#8221;large&#8221; alignment=&#8221;center&#8221;][\/vc_column_inner][vc_column_inner width=&#8221;1\/3&#8243;][wr_vc_section_services icon_class=&#8221;fas fa-diagnoses&#8221; title=&#8221;Vergabe und Bau\u00fcberwachung&#8221; title2=&#8221;03&#8243;]Bei der Vergabe von Leistungen im Bereich des Spezialtiefbaus kann BWPM wertvolle Hilfestellung leisten. BWPM \u00fcbernimmt f\u00fcr Sie auch die Bauoberleitung oder Bau\u00fcberwachung und damit die Verantwortung f\u00fcr die ordnungsgem\u00e4\u00dfe Ausf\u00fchrung der Arbeiten auf der Baustelle.[\/wr_vc_section_services][vc_single_image image=&#8221;3096&#8243; img_size=&#8221;large&#8221;][\/vc_column_inner][\/vc_row_inner][\/vc_column][\/vc_row]\n<\/div>","protected":false},"excerpt":{"rendered":"<p>[vc_row row_type=&#8221;main-section&#8221; bauen_section_layout=&#8221;section_grid&#8221; bauen_df_padding_bottom=&#8221;section-padding2&#8243;][vc_column][wr_vc_section_heading title=&#8221;Unsere `{`span`}` Leistungen `{`\/span`}`&#8221; animate=&#8221;yes&#8221; title2=&#8221;Services&#8221;][\/wr_vc_section_heading][vc_row_inner][vc_column_inner width=&#8221;1\/3&#8243;][wr_vc_section_services icon_class=&#8221;far fa-project-diagram&#8221; title=&#8221;Projektmanagement&#8221; title2=&#8221;01&#8243;]Der Spezialtiefbau stellt hohe Anforderungen an das Projektmanagement und setzt besondere Erfahrungen voraus. Daher sollte er ein eigenes, sich vom anschlie\u00dfenden Hochbau unterscheidendes Projektmanagement haben. Die Notwendigkeit besonderer Expertise ergibt sich vor allem auch unter Ber\u00fccksichtigung des in der DIN 69904 verankerten interdisziplin\u00e4ren Ansatzes.[\/wr_vc_section_services][vc_single_image image=&#8221;3094&#8243; img_size=&#8221;large&#8221;][wr_vc_section_services&#8230;<\/p>\n","protected":false},"author":1,"featured_media":0,"parent":0,"menu_order":0,"comment_status":"closed","ping_status":"closed","template":"","meta":{"footnotes":"","_links_to":"","_links_to_target":""},"class_list":["post-61","page","type-page","status-publish","hentry"],"_links":{"self":[{"href":"https:\/\/www.bwpm.de\/bwpm6\/wp-json\/wp\/v2\/pages\/61","targetHints":{"allow":["GET"]}}],"collection":[{"href":"https:\/\/www.bwpm.de\/bwpm6\/wp-json\/wp\/v2\/pages"}],"about":[{"href":"https:\/\/www.bwpm.de\/bwpm6\/wp-json\/wp\/v2\/types\/page"}],"author":[{"embeddable":true,"href":"https:\/\/www.bwpm.de\/bwpm6\/wp-json\/wp\/v2\/users\/1"}],"replies":[{"embeddable":true,"href":"https:\/\/www.bwpm.de\/bwpm6\/wp-json\/wp\/v2\/comments?post=61"}],"version-history":[{"count":20,"href":"https:\/\/www.bwpm.de\/bwpm6\/wp-json\/wp\/v2\/pages\/61\/revisions"}],"predecessor-version":[{"id":3327,"href":"https:\/\/www.bwpm.de\/bwpm6\/wp-json\/wp\/v2\/pages\/61\/revisions\/3327"}],"wp:attachment":[{"href":"https:\/\/www.bwpm.de\/bwpm6\/wp-json\/wp\/v2\/media?parent=61"}],"curies":[{"name":"wp","href":"https:\/\/api.w.org\/{rel}","templated":true}]}}